{"id":53,"date":"2012-10-10T13:58:54","date_gmt":"2012-10-10T13:58:54","guid":{"rendered":"http:\/\/www.brun-csd.ch\/wp\/?page_id=53"},"modified":"2014-09-08T14:48:00","modified_gmt":"2014-09-08T14:48:00","slug":"start","status":"publish","type":"page","link":"https:\/\/www.brun-csd.ch\/wp\/","title":{"rendered":""},"content":{"rendered":"<p>Die Firmen Brun-Sicherheitstechnik AG und CSD-Dichtungen AG haben sich seit vielen Jahren auf Rohr- bzw. Kabelabdichtungen sowie Stromschienen spezialisiert. Dadurch konnte ein Know-How aufgebaut werden, von dem Sie nun profitieren k\u00f6nnen.<\/p>\n<p>Wir l\u00f6sen jegliche Herausforderungen f\u00fcr Sie im Bereich Wasser-Gas-Druck oder Feuerbereich \u2013 auch komplexe. So k\u00f6nnen wir Ihnen massgerechte Kernbohrungen oder Stahlrohrbatterien anbieten, je nachdem was Ihr Bau gerade erfordert. Daneben k\u00f6nnen wir Ihnen bei Medien-Durchf\u00fchrungen behilflich sein oder unterst\u00fctzen Sie bei Leckagen \u2013 sowohl in W\u00e4nden wie auch in Decken.<\/p>\n<p>Wir bieten Ihnen eine Gesamtdienstleistung an, d.h. von der Planung \u00fcber die Ausf\u00fchrung bis hin zur Wartung sind wir an Ihrer Seite.<\/p>\n<div style=\"width: 320px; margin-left: auto; margin-right: auto; text-align: center;\">\n<div class=\"ngg-galleryoverview ngg-slideshow\"\n\tid=\"ngg-slideshow-b5c7f2711618b09a5b378358b8b1e0ab-8907585510\"\n\tdata-gallery-id=\"b5c7f2711618b09a5b378358b8b1e0ab\"\n\tstyle=\"max-width: 320px;\n\t\t\tmax-height: 240px;\n\t\t\tdisplay: none;\">\n\n\t\n\t\t<a href=\"https:\/\/www.brun-csd.ch\/wp\/wp-content\/gallery\/home\/kernbohrungen.jpg\"\n\t\t\ttitle=\"Betonbohren, Betonfr\u00e4sen, Abdichtung, Wasserabdichtung, Gasabdichtung, Brandabschottung, Feuerdichtung\"\n\t\t\tdata-src=\"https:\/\/www.brun-csd.ch\/wp\/wp-content\/gallery\/home\/kernbohrungen.jpg\"\n\t\t\tdata-thumbnail=\"https:\/\/www.brun-csd.ch\/wp\/wp-content\/gallery\/home\/thumbs\/thumbs_kernbohrungen.jpg\"\n\t\t\tdata-image-id=\"54\"\n\t\t\tdata-title=\"Kehrnbohrung 1\"\n\t\t\tdata-description=\"Betonbohren, Betonfr\u00e4sen, Abdichtung, Wasserabdichtung, Gasabdichtung, Brandabschottung, Feuerdichtung\"\n\t\t\t\t\t\t\t\t\t\t\t\t\t\t\tclass=\"shutterset_b5c7f2711618b09a5b378358b8b1e0ab\">\n\t\t\t\n\t\t\t<img data-image-id='54'\n\t\t\t\ttitle=\"Betonbohren, Betonfr\u00e4sen, Abdichtung, Wasserabdichtung, Gasabdichtung, Brandabschottung, Feuerdichtung\"\n\t\t\t\talt=\"Kehrnbohrung 1\"\n\t\t\t\tsrc=\"https:\/\/www.brun-csd.ch\/wp\/wp-content\/gallery\/home\/kernbohrungen.jpg\"\n\t\t\t\tstyle=\"max-height: 220px;\"\/>\n\t\t<\/a>\n\n\t\t\n\t\t<a href=\"https:\/\/www.brun-csd.ch\/wp\/wp-content\/gallery\/home\/DSC01065.JPG\"\n\t\t\ttitle=\"Betonbohren, Betonfr\u00e4sen, Abdichtung, Wasserabdichtung, Gasabdichtung, Brandabschottung, Feuerdichtung\"\n\t\t\tdata-src=\"https:\/\/www.brun-csd.ch\/wp\/wp-content\/gallery\/home\/DSC01065.JPG\"\n\t\t\tdata-thumbnail=\"https:\/\/www.brun-csd.ch\/wp\/wp-content\/gallery\/home\/thumbs\/thumbs_DSC01065.JPG\"\n\t\t\tdata-image-id=\"92\"\n\t\t\tdata-title=\"CSD 1\"\n\t\t\tdata-description=\"Betonbohren, Betonfr\u00e4sen, Abdichtung, Wasserabdichtung, Gasabdichtung, Brandabschottung, Feuerdichtung\"\n\t\t\t\t\t\t\t\t\t\t\t\t\t\t\tclass=\"shutterset_b5c7f2711618b09a5b378358b8b1e0ab\">\n\t\t\t\n\t\t\t<img data-image-id='92'\n\t\t\t\ttitle=\"Betonbohren, Betonfr\u00e4sen, Abdichtung, Wasserabdichtung, Gasabdichtung, Brandabschottung, Feuerdichtung\"\n\t\t\t\talt=\"CSD 1\"\n\t\t\t\tsrc=\"https:\/\/www.brun-csd.ch\/wp\/wp-content\/gallery\/home\/DSC01065.JPG\"\n\t\t\t\tstyle=\"max-height: 220px;\"\/>\n\t\t<\/a>\n\n\t\t\n\t\t<a href=\"https:\/\/www.brun-csd.ch\/wp\/wp-content\/gallery\/home\/DSC00089.JPG\"\n\t\t\ttitle=\"Betonbohren, Betonfr\u00e4sen, Abdichtung, Wasserabdichtung, Gasabdichtung, Brandabschottung, Feuerdichtung\"\n\t\t\tdata-src=\"https:\/\/www.brun-csd.ch\/wp\/wp-content\/gallery\/home\/DSC00089.JPG\"\n\t\t\tdata-thumbnail=\"https:\/\/www.brun-csd.ch\/wp\/wp-content\/gallery\/home\/thumbs\/thumbs_DSC00089.JPG\"\n\t\t\tdata-image-id=\"94\"\n\t\t\tdata-title=\"MCT 1\"\n\t\t\tdata-description=\"Betonbohren, Betonfr\u00e4sen, Abdichtung, Wasserabdichtung, Gasabdichtung, Brandabschottung, Feuerdichtung\"\n\t\t\t\t\t\t\t\t\t\t\t\t\t\t\tclass=\"shutterset_b5c7f2711618b09a5b378358b8b1e0ab\">\n\t\t\t\n\t\t\t<img data-image-id='94'\n\t\t\t\ttitle=\"Betonbohren, Betonfr\u00e4sen, Abdichtung, Wasserabdichtung, Gasabdichtung, Brandabschottung, Feuerdichtung\"\n\t\t\t\talt=\"MCT 1\"\n\t\t\t\tsrc=\"https:\/\/www.brun-csd.ch\/wp\/wp-content\/gallery\/home\/DSC00089.JPG\"\n\t\t\t\tstyle=\"max-height: 220px;\"\/>\n\t\t<\/a>\n\n\t\t\n\t\t<a href=\"https:\/\/www.brun-csd.ch\/wp\/wp-content\/gallery\/home\/betonfraese.jpg\"\n\t\t\ttitle=\"Betonbohren, Betonfr\u00e4sen, Abdichtung, Wasserabdichtung, Gasabdichtung, Brandabschottung, Feuerdichtung\"\n\t\t\tdata-src=\"https:\/\/www.brun-csd.ch\/wp\/wp-content\/gallery\/home\/betonfraese.jpg\"\n\t\t\tdata-thumbnail=\"https:\/\/www.brun-csd.ch\/wp\/wp-content\/gallery\/home\/thumbs\/thumbs_betonfraese.jpg\"\n\t\t\tdata-image-id=\"31\"\n\t\t\tdata-title=\"Betonfr\u00e4sen\"\n\t\t\tdata-description=\"Betonbohren, Betonfr\u00e4sen, Abdichtung, Wasserabdichtung, Gasabdichtung, Brandabschottung, Feuerdichtung\"\n\t\t\t\t\t\t\t\t\t\t\t\t\t\t\tclass=\"shutterset_b5c7f2711618b09a5b378358b8b1e0ab\">\n\t\t\t\n\t\t\t<img data-image-id='31'\n\t\t\t\ttitle=\"Betonbohren, Betonfr\u00e4sen, Abdichtung, Wasserabdichtung, Gasabdichtung, Brandabschottung, Feuerdichtung\"\n\t\t\t\talt=\"Betonfr\u00e4sen\"\n\t\t\t\tsrc=\"https:\/\/www.brun-csd.ch\/wp\/wp-content\/gallery\/home\/betonfraese.jpg\"\n\t\t\t\tstyle=\"max-height: 220px;\"\/>\n\t\t<\/a>\n\n\t\t\n\t\t<a href=\"https:\/\/www.brun-csd.ch\/wp\/wp-content\/gallery\/home\/DSC00803.JPG\"\n\t\t\ttitle=\"Betonbohren, Betonfr\u00e4sen, Abdichtung, Wasserabdichtung, Gasabdichtung, Brandabschottung, Feuerdichtung\"\n\t\t\tdata-src=\"https:\/\/www.brun-csd.ch\/wp\/wp-content\/gallery\/home\/DSC00803.JPG\"\n\t\t\tdata-thumbnail=\"https:\/\/www.brun-csd.ch\/wp\/wp-content\/gallery\/home\/thumbs\/thumbs_DSC00803.JPG\"\n\t\t\tdata-image-id=\"90\"\n\t\t\tdata-title=\"CSD 2\"\n\t\t\tdata-description=\"Betonbohren, Betonfr\u00e4sen, Abdichtung, Wasserabdichtung, Gasabdichtung, Brandabschottung, Feuerdichtung\"\n\t\t\t\t\t\t\t\t\t\t\t\t\t\t\tclass=\"shutterset_b5c7f2711618b09a5b378358b8b1e0ab\">\n\t\t\t\n\t\t\t<img data-image-id='90'\n\t\t\t\ttitle=\"Betonbohren, Betonfr\u00e4sen, Abdichtung, Wasserabdichtung, Gasabdichtung, Brandabschottung, Feuerdichtung\"\n\t\t\t\talt=\"CSD 2\"\n\t\t\t\tsrc=\"https:\/\/www.brun-csd.ch\/wp\/wp-content\/gallery\/home\/DSC00803.JPG\"\n\t\t\t\tstyle=\"max-height: 220px;\"\/>\n\t\t<\/a>\n\n\t\t\n\t\t<a href=\"https:\/\/www.brun-csd.ch\/wp\/wp-content\/gallery\/home\/DSC00938.JPG\"\n\t\t\ttitle=\"Betonbohren, Betonfr\u00e4sen, Abdichtung, Wasserabdichtung, Gasabdichtung, Brandabschottung, Feuerdichtung\"\n\t\t\tdata-src=\"https:\/\/www.brun-csd.ch\/wp\/wp-content\/gallery\/home\/DSC00938.JPG\"\n\t\t\tdata-thumbnail=\"https:\/\/www.brun-csd.ch\/wp\/wp-content\/gallery\/home\/thumbs\/thumbs_DSC00938.JPG\"\n\t\t\tdata-image-id=\"91\"\n\t\t\tdata-title=\"MCT 2\"\n\t\t\tdata-description=\"Betonbohren, Betonfr\u00e4sen, Abdichtung, Wasserabdichtung, Gasabdichtung, Brandabschottung, Feuerdichtung\"\n\t\t\t\t\t\t\t\t\t\t\t\t\t\t\tclass=\"shutterset_b5c7f2711618b09a5b378358b8b1e0ab\">\n\t\t\t\n\t\t\t<img data-image-id='91'\n\t\t\t\ttitle=\"Betonbohren, Betonfr\u00e4sen, Abdichtung, Wasserabdichtung, Gasabdichtung, Brandabschottung, Feuerdichtung\"\n\t\t\t\talt=\"MCT 2\"\n\t\t\t\tsrc=\"https:\/\/www.brun-csd.ch\/wp\/wp-content\/gallery\/home\/DSC00938.JPG\"\n\t\t\t\tstyle=\"max-height: 220px;\"\/>\n\t\t<\/a>\n\n\t\t\n\t\t<a href=\"https:\/\/www.brun-csd.ch\/wp\/wp-content\/gallery\/home\/DSC00943.JPG\"\n\t\t\ttitle=\"Betonbohren, Betonfr\u00e4sen, Abdichtung, Wasserabdichtung, Gasabdichtung, Brandabschottung, Feuerdichtung\"\n\t\t\tdata-src=\"https:\/\/www.brun-csd.ch\/wp\/wp-content\/gallery\/home\/DSC00943.JPG\"\n\t\t\tdata-thumbnail=\"https:\/\/www.brun-csd.ch\/wp\/wp-content\/gallery\/home\/thumbs\/thumbs_DSC00943.JPG\"\n\t\t\tdata-image-id=\"53\"\n\t\t\tdata-title=\"Brandabschottung 1\"\n\t\t\tdata-description=\"Betonbohren, Betonfr\u00e4sen, Abdichtung, Wasserabdichtung, Gasabdichtung, Brandabschottung, Feuerdichtung\"\n\t\t\t\t\t\t\t\t\t\t\t\t\t\t\tclass=\"shutterset_b5c7f2711618b09a5b378358b8b1e0ab\">\n\t\t\t\n\t\t\t<img data-image-id='53'\n\t\t\t\ttitle=\"Betonbohren, Betonfr\u00e4sen, Abdichtung, Wasserabdichtung, Gasabdichtung, Brandabschottung, Feuerdichtung\"\n\t\t\t\talt=\"Brandabschottung 1\"\n\t\t\t\tsrc=\"https:\/\/www.brun-csd.ch\/wp\/wp-content\/gallery\/home\/DSC00943.JPG\"\n\t\t\t\tstyle=\"max-height: 220px;\"\/>\n\t\t<\/a>\n\n\t\t\n\t\t<a href=\"https:\/\/www.brun-csd.ch\/wp\/wp-content\/gallery\/home\/DSC00766.JPG\"\n\t\t\ttitle=\"Betonbohren, Betonfr\u00e4sen, Abdichtung, Wasserabdichtung, Gasabdichtung, Brandabschottung, Feuerdichtung\"\n\t\t\tdata-src=\"https:\/\/www.brun-csd.ch\/wp\/wp-content\/gallery\/home\/DSC00766.JPG\"\n\t\t\tdata-thumbnail=\"https:\/\/www.brun-csd.ch\/wp\/wp-content\/gallery\/home\/thumbs\/thumbs_DSC00766.JPG\"\n\t\t\tdata-image-id=\"95\"\n\t\t\tdata-title=\"Brandabschottung 2\"\n\t\t\tdata-description=\"Betonbohren, Betonfr\u00e4sen, Abdichtung, Wasserabdichtung, Gasabdichtung, Brandabschottung, Feuerdichtung\"\n\t\t\t\t\t\t\t\t\t\t\t\t\t\t\tclass=\"shutterset_b5c7f2711618b09a5b378358b8b1e0ab\">\n\t\t\t\n\t\t\t<img data-image-id='95'\n\t\t\t\ttitle=\"Betonbohren, Betonfr\u00e4sen, Abdichtung, Wasserabdichtung, Gasabdichtung, Brandabschottung, Feuerdichtung\"\n\t\t\t\talt=\"Brandabschottung 2\"\n\t\t\t\tsrc=\"https:\/\/www.brun-csd.ch\/wp\/wp-content\/gallery\/home\/DSC00766.JPG\"\n\t\t\t\tstyle=\"max-height: 220px;\"\/>\n\t\t<\/a>\n\n\t\t\n\t\t<a href=\"https:\/\/www.brun-csd.ch\/wp\/wp-content\/gallery\/home\/DSC00369.JPG\"\n\t\t\ttitle=\"Betonbohren, Betonfr\u00e4sen, Abdichtung, Wasserabdichtung, Gasabdichtung, Brandabschottung, Feuerdichtung\"\n\t\t\tdata-src=\"https:\/\/www.brun-csd.ch\/wp\/wp-content\/gallery\/home\/DSC00369.JPG\"\n\t\t\tdata-thumbnail=\"https:\/\/www.brun-csd.ch\/wp\/wp-content\/gallery\/home\/thumbs\/thumbs_DSC00369.JPG\"\n\t\t\tdata-image-id=\"106\"\n\t\t\tdata-title=\"Kehrnbohrung 2\"\n\t\t\tdata-description=\"Betonbohren, Betonfr\u00e4sen, Abdichtung, Wasserabdichtung, Gasabdichtung, Brandabschottung, Feuerdichtung\"\n\t\t\t\t\t\t\t\t\t\t\t\t\t\t\tclass=\"shutterset_b5c7f2711618b09a5b378358b8b1e0ab\">\n\t\t\t\n\t\t\t<img data-image-id='106'\n\t\t\t\ttitle=\"Betonbohren, Betonfr\u00e4sen, Abdichtung, Wasserabdichtung, Gasabdichtung, Brandabschottung, Feuerdichtung\"\n\t\t\t\talt=\"Kehrnbohrung 2\"\n\t\t\t\tsrc=\"https:\/\/www.brun-csd.ch\/wp\/wp-content\/gallery\/home\/DSC00369.JPG\"\n\t\t\t\tstyle=\"max-height: 220px;\"\/>\n\t\t<\/a>\n\n\t\t\n\t\t<a href=\"https:\/\/www.brun-csd.ch\/wp\/wp-content\/gallery\/home\/DSC00946.JPG\"\n\t\t\ttitle=\"Betonbohren, Betonfr\u00e4sen, Abdichtung, Wasserabdichtung, Gasabdichtung, Brandabschottung, Feuerdichtung\"\n\t\t\tdata-src=\"https:\/\/www.brun-csd.ch\/wp\/wp-content\/gallery\/home\/DSC00946.JPG\"\n\t\t\tdata-thumbnail=\"https:\/\/www.brun-csd.ch\/wp\/wp-content\/gallery\/home\/thumbs\/thumbs_DSC00946.JPG\"\n\t\t\tdata-image-id=\"96\"\n\t\t\tdata-title=\"Brandabschottung 3\"\n\t\t\tdata-description=\"Betonbohren, Betonfr\u00e4sen, Abdichtung, Wasserabdichtung, Gasabdichtung, Brandabschottung, Feuerdichtung\"\n\t\t\t\t\t\t\t\t\t\t\t\t\t\t\tclass=\"shutterset_b5c7f2711618b09a5b378358b8b1e0ab\">\n\t\t\t\n\t\t\t<img data-image-id='96'\n\t\t\t\ttitle=\"Betonbohren, Betonfr\u00e4sen, Abdichtung, Wasserabdichtung, Gasabdichtung, Brandabschottung, Feuerdichtung\"\n\t\t\t\talt=\"Brandabschottung 3\"\n\t\t\t\tsrc=\"https:\/\/www.brun-csd.ch\/wp\/wp-content\/gallery\/home\/DSC00946.JPG\"\n\t\t\t\tstyle=\"max-height: 220px;\"\/>\n\t\t<\/a>\n\n\t\t\n\t\t<a href=\"https:\/\/www.brun-csd.ch\/wp\/wp-content\/gallery\/home\/DSC01226.JPG\"\n\t\t\ttitle=\"Betonbohren, Betonfr\u00e4sen, Abdichtung, Wasserabdichtung, Gasabdichtung, Brandabschottung, Feuerdichtung\"\n\t\t\tdata-src=\"https:\/\/www.brun-csd.ch\/wp\/wp-content\/gallery\/home\/DSC01226.JPG\"\n\t\t\tdata-thumbnail=\"https:\/\/www.brun-csd.ch\/wp\/wp-content\/gallery\/home\/thumbs\/thumbs_DSC01226.JPG\"\n\t\t\tdata-image-id=\"97\"\n\t\t\tdata-title=\"Brandabschottung 4\"\n\t\t\tdata-description=\"Betonbohren, Betonfr\u00e4sen, Abdichtung, Wasserabdichtung, Gasabdichtung, Brandabschottung, Feuerdichtung\"\n\t\t\t\t\t\t\t\t\t\t\t\t\t\t\tclass=\"shutterset_b5c7f2711618b09a5b378358b8b1e0ab\">\n\t\t\t\n\t\t\t<img data-image-id='97'\n\t\t\t\ttitle=\"Betonbohren, Betonfr\u00e4sen, Abdichtung, Wasserabdichtung, Gasabdichtung, Brandabschottung, Feuerdichtung\"\n\t\t\t\talt=\"Brandabschottung 4\"\n\t\t\t\tsrc=\"https:\/\/www.brun-csd.ch\/wp\/wp-content\/gallery\/home\/DSC01226.JPG\"\n\t\t\t\tstyle=\"max-height: 220px;\"\/>\n\t\t<\/a>\n\n\t\t<\/div>\n\n\n<\/div>\n","protected":false},"excerpt":{"rendered":"<p>Die Firmen Brun-Sicherheitstechnik AG und CSD-Dichtungen AG haben sich seit vielen Jahren auf Rohr- bzw. Kabelabdichtungen sowie Stromschienen spezialisiert. Dadurch konnte ein Know-How aufgebaut werden, von dem Sie nun profitieren k\u00f6nnen. Wir l\u00f6sen jegliche Herausforderungen f\u00fcr Sie im Bereich Wasser-Gas-Druck &hellip; <a href=\"https:\/\/www.brun-csd.ch\/wp\/\">Weiterlesen <span class=\"meta-nav\">&rarr;<\/span><\/a><\/p>\n","protected":false},"author":1,"featured_media":0,"parent":0,"menu_order":0,"comment_status":"closed","ping_status":"open","template":"full-width-page.php","meta":{"ngg_post_thumbnail":0,"footnotes":""},"class_list":["post-53","page","type-page","status-publish","hentry"],"yoast_head":"<!-- This site is optimized with the Yoast SEO plugin v27.3 - https:\/\/yoast.com\/product\/yoast-seo-wordpress\/ -->\n<title>|<\/title>\n<meta name=\"description\" content=\"Betonbohren, Betonfr\u00e4sen, Abdichtung, Wasserabdichtung, Gasabdichtung, Brandabschottung, Feuerdichtung\" \/>\n<meta name=\"robots\" content=\"index, follow, max-snippet:-1, max-image-preview:large, max-video-preview:-1\" \/>\n<link rel=\"canonical\" href=\"https:\/\/www.brun-csd.ch\/wp\/\" \/>\n<meta property=\"og:locale\" content=\"de_DE\" \/>\n<meta property=\"og:type\" content=\"article\" \/>\n<meta property=\"og:title\" content=\"|\" \/>\n<meta property=\"og:description\" content=\"Betonbohren, Betonfr\u00e4sen, Abdichtung, Wasserabdichtung, Gasabdichtung, Brandabschottung, Feuerdichtung\" \/>\n<meta property=\"og:url\" content=\"https:\/\/www.brun-csd.ch\/wp\/\" \/>\n<meta property=\"article:modified_time\" content=\"2014-09-08T14:48:00+00:00\" \/>\n<meta property=\"og:image\" content=\"http:\/\/www.brun-csd.ch\/wp\/nextgen-attach_to_post\/preview\/id--217\" \/>\n<meta name=\"twitter:label1\" content=\"Gesch\u00e4tzte Lesezeit\" \/>\n\t<meta name=\"twitter:data1\" content=\"1\u00a0Minute\" \/>\n<script type=\"application\/ld+json\" class=\"yoast-schema-graph\">{\"@context\":\"https:\\\/\\\/schema.org\",\"@graph\":[{\"@type\":\"WebPage\",\"@id\":\"https:\\\/\\\/www.brun-csd.ch\\\/wp\\\/\",\"url\":\"https:\\\/\\\/www.brun-csd.ch\\\/wp\\\/\",\"name\":\"|\",\"isPartOf\":{\"@id\":\"https:\\\/\\\/www.brun-csd.ch\\\/wp\\\/#website\"},\"primaryImageOfPage\":{\"@id\":\"https:\\\/\\\/www.brun-csd.ch\\\/wp\\\/#primaryimage\"},\"image\":{\"@id\":\"https:\\\/\\\/www.brun-csd.ch\\\/wp\\\/#primaryimage\"},\"thumbnailUrl\":\"http:\\\/\\\/www.brun-csd.ch\\\/wp\\\/nextgen-attach_to_post\\\/preview\\\/id--217\",\"datePublished\":\"2012-10-10T13:58:54+00:00\",\"dateModified\":\"2014-09-08T14:48:00+00:00\",\"description\":\"Betonbohren, Betonfr\u00e4sen, Abdichtung, Wasserabdichtung, Gasabdichtung, Brandabschottung, Feuerdichtung\",\"inLanguage\":\"de\",\"potentialAction\":[{\"@type\":\"ReadAction\",\"target\":[\"https:\\\/\\\/www.brun-csd.ch\\\/wp\\\/\"]}]},{\"@type\":\"ImageObject\",\"inLanguage\":\"de\",\"@id\":\"https:\\\/\\\/www.brun-csd.ch\\\/wp\\\/#primaryimage\",\"url\":\"http:\\\/\\\/www.brun-csd.ch\\\/wp\\\/nextgen-attach_to_post\\\/preview\\\/id--217\",\"contentUrl\":\"http:\\\/\\\/www.brun-csd.ch\\\/wp\\\/nextgen-attach_to_post\\\/preview\\\/id--217\"},{\"@type\":\"WebSite\",\"@id\":\"https:\\\/\\\/www.brun-csd.ch\\\/wp\\\/#website\",\"url\":\"https:\\\/\\\/www.brun-csd.ch\\\/wp\\\/\",\"name\":\"\",\"description\":\"\",\"potentialAction\":[{\"@type\":\"SearchAction\",\"target\":{\"@type\":\"EntryPoint\",\"urlTemplate\":\"https:\\\/\\\/www.brun-csd.ch\\\/wp\\\/?s={search_term_string}\"},\"query-input\":{\"@type\":\"PropertyValueSpecification\",\"valueRequired\":true,\"valueName\":\"search_term_string\"}}],\"inLanguage\":\"de\"}]}<\/script>\n<!-- \/ Yoast SEO plugin. -->","yoast_head_json":{"title":"|","description":"Betonbohren, Betonfr\u00e4sen, Abdichtung, Wasserabdichtung, Gasabdichtung, Brandabschottung, Feuerdichtung","robots":{"index":"index","follow":"follow","max-snippet":"max-snippet:-1","max-image-preview":"max-image-preview:large","max-video-preview":"max-video-preview:-1"},"canonical":"https:\/\/www.brun-csd.ch\/wp\/","og_locale":"de_DE","og_type":"article","og_title":"|","og_description":"Betonbohren, Betonfr\u00e4sen, Abdichtung, Wasserabdichtung, Gasabdichtung, Brandabschottung, Feuerdichtung","og_url":"https:\/\/www.brun-csd.ch\/wp\/","article_modified_time":"2014-09-08T14:48:00+00:00","og_image":[{"url":"http:\/\/www.brun-csd.ch\/wp\/nextgen-attach_to_post\/preview\/id--217","type":"","width":"","height":""}],"twitter_misc":{"Gesch\u00e4tzte Lesezeit":"1\u00a0Minute"},"schema":{"@context":"https:\/\/schema.org","@graph":[{"@type":"WebPage","@id":"https:\/\/www.brun-csd.ch\/wp\/","url":"https:\/\/www.brun-csd.ch\/wp\/","name":"|","isPartOf":{"@id":"https:\/\/www.brun-csd.ch\/wp\/#website"},"primaryImageOfPage":{"@id":"https:\/\/www.brun-csd.ch\/wp\/#primaryimage"},"image":{"@id":"https:\/\/www.brun-csd.ch\/wp\/#primaryimage"},"thumbnailUrl":"http:\/\/www.brun-csd.ch\/wp\/nextgen-attach_to_post\/preview\/id--217","datePublished":"2012-10-10T13:58:54+00:00","dateModified":"2014-09-08T14:48:00+00:00","description":"Betonbohren, Betonfr\u00e4sen, Abdichtung, Wasserabdichtung, Gasabdichtung, Brandabschottung, Feuerdichtung","inLanguage":"de","potentialAction":[{"@type":"ReadAction","target":["https:\/\/www.brun-csd.ch\/wp\/"]}]},{"@type":"ImageObject","inLanguage":"de","@id":"https:\/\/www.brun-csd.ch\/wp\/#primaryimage","url":"http:\/\/www.brun-csd.ch\/wp\/nextgen-attach_to_post\/preview\/id--217","contentUrl":"http:\/\/www.brun-csd.ch\/wp\/nextgen-attach_to_post\/preview\/id--217"},{"@type":"WebSite","@id":"https:\/\/www.brun-csd.ch\/wp\/#website","url":"https:\/\/www.brun-csd.ch\/wp\/","name":"","description":"","potentialAction":[{"@type":"SearchAction","target":{"@type":"EntryPoint","urlTemplate":"https:\/\/www.brun-csd.ch\/wp\/?s={search_term_string}"},"query-input":{"@type":"PropertyValueSpecification","valueRequired":true,"valueName":"search_term_string"}}],"inLanguage":"de"}]}},"_links":{"self":[{"href":"https:\/\/www.brun-csd.ch\/wp\/wp-json\/wp\/v2\/pages\/53","targetHints":{"allow":["GET"]}}],"collection":[{"href":"https:\/\/www.brun-csd.ch\/wp\/wp-json\/wp\/v2\/pages"}],"about":[{"href":"https:\/\/www.brun-csd.ch\/wp\/wp-json\/wp\/v2\/types\/page"}],"author":[{"embeddable":true,"href":"https:\/\/www.brun-csd.ch\/wp\/wp-json\/wp\/v2\/users\/1"}],"replies":[{"embeddable":true,"href":"https:\/\/www.brun-csd.ch\/wp\/wp-json\/wp\/v2\/comments?post=53"}],"version-history":[{"count":13,"href":"https:\/\/www.brun-csd.ch\/wp\/wp-json\/wp\/v2\/pages\/53\/revisions"}],"predecessor-version":[{"id":394,"href":"https:\/\/www.brun-csd.ch\/wp\/wp-json\/wp\/v2\/pages\/53\/revisions\/394"}],"wp:attachment":[{"href":"https:\/\/www.brun-csd.ch\/wp\/wp-json\/wp\/v2\/media?parent=53"}],"curies":[{"name":"wp","href":"https:\/\/api.w.org\/{rel}","templated":true}]}}